{"id":1439,"date":"2024-07-04T08:35:34","date_gmt":"2024-07-04T08:35:34","guid":{"rendered":"https:\/\/grasse.espace-gold-change.com\/?page_id=1439"},"modified":"2024-10-23T13:22:29","modified_gmt":"2024-10-23T13:22:29","slug":"legal-information","status":"publish","type":"page","link":"https:\/\/grasse.espace-gold-change.com\/en\/mentions-legales\/","title":{"rendered":"Legal information"},"content":{"rendered":"<div data-elementor-type=\"wp-page\" data-elementor-id=\"1439\" class=\"elementor elementor-1439\" data-elementor-post-type=\"page\">\n\t\t\t\t<div class=\"elementor-element elementor-element-1bdfa38 e-flex e-con-boxed e-con e-parent\" data-id=\"1bdfa38\" data-element_type=\"container\" data-e-type=\"container\">\n\t\t\t\t\t<div class=\"e-con-inner\">\n\t\t\t\t<div class=\"elementor-element elementor-element-60103f9 elementor-widget elementor-widget-text-editor\" data-id=\"60103f9\" data-element_type=\"widget\" data-e-type=\"widget\" data-widget_type=\"text-editor.default\">\n\t\t\t\t<div class=\"elementor-widget-container\">\n\t\t\t\t\t\t\t\t\t<header class=\"page-header\"><h1>Legal information<\/h1><\/header><section id=\"content\" class=\"page-content page-cms page-cms-2\"><h2>Company<\/h2><p><strong>ESPACE GOLD CHANGE<\/strong>\u00a0is a trademark registered with the INPI under the national number 12 3 919 437 of the TRADING EL group, a French company with capital of \u20ac38,526, headquartered at 20, Rue de la Villette - Immeuble le Bonnel - 69003 LYON, registered with the LYON trade registry under SIREN number 531970366.<br \/>ESPACE GOLD CHANGE is authorised to carry out foreign exchange activities by the ACP (an internal body of the Banque de France).<\/p><h2>Precious metals guarantee<\/h2><p>In accordance with current legislation (article 534 of the General Tax Code - CGI) our company is registered with the Lyon Guarantee Office under numbers 12\/264 and 12\/265.<\/p><h2>Police book<\/h2><p>In accordance with current legislation (article 537 of the General Tax Code and 56J sexdecies of Annex IV of the same code), we record all purchases, sales, receipts and deliveries of worked or unworked gold, silver or platinum in a register known as the \"Police Book\". This register includes the identity of the parties as well as their address, which is why we ask you for a copy of your identity card and proof of address. This register must be presented to any public authority.<\/p><h2>Minors<\/h2><p>ESPACE GOLD CHANGE does not collect any personally identifiable information from minors. If you are under 18, please do not provide any personal data and do not request a secure envelope.<\/p><h2>Sharing information<\/h2><p>ESPACE GOLD CHANGE does not sell, rent or disclose your name, address or any other personal information to any other company. In addition, ESPACE GOLD CHANGE has entered into agreements with carefully selected third parties for the hosting and maintenance of its website. We do not disclose your personal information to third parties, except in response to a court order.\u00a0<\/p><h2>Monetary and Financial Code - Article L112-6<\/h2><p>Download PDF : <a href=\"https:\/\/grasse.espace-gold-change.com\/wp-content\/uploads\/2024\/07\/code_mm.pdf\">code_mm.pdf<\/a><\/p><\/section>\t\t\t\t\t\t\t\t<\/div>\n\t\t\t\t<\/div>\n\t\t\t\t\t<\/div>\n\t\t\t\t<\/div>\n\t\t\t\t<\/div>","protected":false},"excerpt":{"rendered":"<p>Mentions l\u00e9gales Soci\u00e9t\u00e9 ESPACE GOLD CHANGE\u00a0est une marque d\u00e9pos\u00e9e \u00e0 l\u2019INPI sous le num\u00e9ro national 12 3 919 437 du groupe TRADING EL, soci\u00e9t\u00e9 fran\u00e7aise au capital de 38 526 \u20ac dont le si\u00e8ge se situe au 20, Rue de la Villette \u2013 Immeuble le Bonnel \u2013 69003 LYON immatricul\u00e9 aux registres de commerce de [&hellip;]<\/p>\n","protected":false},"author":1,"featured_media":0,"parent":0,"menu_order":0,"comment_status":"closed","ping_status":"open","template":"","meta":{"_acf_changed":false,"footnotes":""},"class_list":["post-1439","page","type-page","status-publish","hentry"],"acf":[],"_links":{"self":[{"href":"https:\/\/grasse.espace-gold-change.com\/en\/wp-json\/wp\/v2\/pages\/1439","targetHints":{"allow":["GET"]}}],"collection":[{"href":"https:\/\/grasse.espace-gold-change.com\/en\/wp-json\/wp\/v2\/pages"}],"about":[{"href":"https:\/\/grasse.espace-gold-change.com\/en\/wp-json\/wp\/v2\/types\/page"}],"author":[{"embeddable":true,"href":"https:\/\/grasse.espace-gold-change.com\/en\/wp-json\/wp\/v2\/users\/1"}],"replies":[{"embeddable":true,"href":"https:\/\/grasse.espace-gold-change.com\/en\/wp-json\/wp\/v2\/comments?post=1439"}],"version-history":[{"count":0,"href":"https:\/\/grasse.espace-gold-change.com\/en\/wp-json\/wp\/v2\/pages\/1439\/revisions"}],"wp:attachment":[{"href":"https:\/\/grasse.espace-gold-change.com\/en\/wp-json\/wp\/v2\/media?parent=1439"}],"curies":[{"name":"wp","href":"https:\/\/api.w.org\/{rel}","templated":true}]}}