{"id":1646,"date":"2024-07-10T07:48:09","date_gmt":"2024-07-10T07:48:09","guid":{"rendered":"https:\/\/grasse.espace-gold-change.com\/?page_id=1646"},"modified":"2026-04-21T11:08:20","modified_gmt":"2026-04-21T09:08:20","slug":"louis-or","status":"publish","type":"page","link":"https:\/\/grasse.espace-gold-change.com\/en\/achat-vente-or\/acheter-or\/louis-or\/","title":{"rendered":"Buying Louis d'Or"},"content":{"rendered":"","protected":false},"excerpt":{"rendered":"<p>Achetez des louis d&rsquo;or en toute s\u00e9curit\u00e9 \u00e0 Grasse avec Espace Gold Change.<\/p>","protected":false},"author":1,"featured_media":1900,"parent":1642,"menu_order":0,"comment_status":"closed","ping_status":"closed","template":"","meta":{"_acf_changed":false,"footnotes":""},"class_list":["post-1646","page","type-page","status-publish","has-post-thumbnail","hentry"],"acf":[],"_links":{"self":[{"href":"https:\/\/grasse.espace-gold-change.com\/en\/wp-json\/wp\/v2\/pages\/1646","targetHints":{"allow":["GET"]}}],"collection":[{"href":"https:\/\/grasse.espace-gold-change.com\/en\/wp-json\/wp\/v2\/pages"}],"about":[{"href":"https:\/\/grasse.espace-gold-change.com\/en\/wp-json\/wp\/v2\/types\/page"}],"author":[{"embeddable":true,"href":"https:\/\/grasse.espace-gold-change.com\/en\/wp-json\/wp\/v2\/users\/1"}],"replies":[{"embeddable":true,"href":"https:\/\/grasse.espace-gold-change.com\/en\/wp-json\/wp\/v2\/comments?post=1646"}],"version-history":[{"count":12,"href":"https:\/\/grasse.espace-gold-change.com\/en\/wp-json\/wp\/v2\/pages\/1646\/revisions"}],"predecessor-version":[{"id":4434,"href":"https:\/\/grasse.espace-gold-change.com\/en\/wp-json\/wp\/v2\/pages\/1646\/revisions\/4434"}],"up":[{"embeddable":true,"href":"https:\/\/grasse.espace-gold-change.com\/en\/wp-json\/wp\/v2\/pages\/1642"}],"wp:featuredmedia":[{"embeddable":true,"href":"https:\/\/grasse.espace-gold-change.com\/en\/wp-json\/wp\/v2\/media\/1900"}],"wp:attachment":[{"href":"https:\/\/grasse.espace-gold-change.com\/en\/wp-json\/wp\/v2\/media?parent=1646"}],"curies":[{"name":"wp","href":"https:\/\/api.w.org\/{rel}","templated":true}]}}