{"id":1651,"date":"2024-07-10T07:50:03","date_gmt":"2024-07-10T07:50:03","guid":{"rendered":"https:\/\/grasse.espace-gold-change.com\/?page_id=1651"},"modified":"2026-04-21T11:03:37","modified_gmt":"2026-04-21T09:03:37","slug":"parts","status":"publish","type":"page","link":"https:\/\/grasse.espace-gold-change.com\/en\/achat-vente-or\/acheter-or\/pieces\/","title":{"rendered":"Buying gold coins in Grasse"},"content":{"rendered":"","protected":false},"excerpt":{"rendered":"<p>Achetez des pi\u00e8ces d&rsquo;or \u00e0 Grasse en toute s\u00e9curit\u00e9 et au meilleur prix.<\/p>","protected":false},"author":1,"featured_media":2300,"parent":1642,"menu_order":0,"comment_status":"closed","ping_status":"closed","template":"","meta":{"_acf_changed":false,"footnotes":""},"class_list":["post-1651","page","type-page","status-publish","has-post-thumbnail","hentry"],"acf":[],"_links":{"self":[{"href":"https:\/\/grasse.espace-gold-change.com\/en\/wp-json\/wp\/v2\/pages\/1651","targetHints":{"allow":["GET"]}}],"collection":[{"href":"https:\/\/grasse.espace-gold-change.com\/en\/wp-json\/wp\/v2\/pages"}],"about":[{"href":"https:\/\/grasse.espace-gold-change.com\/en\/wp-json\/wp\/v2\/types\/page"}],"author":[{"embeddable":true,"href":"https:\/\/grasse.espace-gold-change.com\/en\/wp-json\/wp\/v2\/users\/1"}],"replies":[{"embeddable":true,"href":"https:\/\/grasse.espace-gold-change.com\/en\/wp-json\/wp\/v2\/comments?post=1651"}],"version-history":[{"count":12,"href":"https:\/\/grasse.espace-gold-change.com\/en\/wp-json\/wp\/v2\/pages\/1651\/revisions"}],"predecessor-version":[{"id":4436,"href":"https:\/\/grasse.espace-gold-change.com\/en\/wp-json\/wp\/v2\/pages\/1651\/revisions\/4436"}],"up":[{"embeddable":true,"href":"https:\/\/grasse.espace-gold-change.com\/en\/wp-json\/wp\/v2\/pages\/1642"}],"wp:featuredmedia":[{"embeddable":true,"href":"https:\/\/grasse.espace-gold-change.com\/en\/wp-json\/wp\/v2\/media\/2300"}],"wp:attachment":[{"href":"https:\/\/grasse.espace-gold-change.com\/en\/wp-json\/wp\/v2\/media?parent=1651"}],"curies":[{"name":"wp","href":"https:\/\/api.w.org\/{rel}","templated":true}]}}