{"id":1654,"date":"2024-07-10T07:50:33","date_gmt":"2024-07-10T07:50:33","guid":{"rendered":"https:\/\/grasse.espace-gold-change.com\/?page_id=1654"},"modified":"2026-04-21T11:01:40","modified_gmt":"2026-04-21T09:01:40","slug":"ingots","status":"publish","type":"page","link":"https:\/\/grasse.espace-gold-change.com\/en\/achat-vente-or\/acheter-or\/lingots\/","title":{"rendered":"Buying gold bars in Grasse"},"content":{"rendered":"","protected":false},"excerpt":{"rendered":"<p>Achetez des lingots d&rsquo;or en toute s\u00e9curit\u00e9 \u00e0 Grasse avec Espace Gold Change.<\/p>","protected":false},"author":1,"featured_media":1903,"parent":1642,"menu_order":0,"comment_status":"closed","ping_status":"closed","template":"","meta":{"_acf_changed":false,"footnotes":""},"class_list":["post-1654","page","type-page","status-publish","has-post-thumbnail","hentry"],"acf":[],"_links":{"self":[{"href":"https:\/\/grasse.espace-gold-change.com\/en\/wp-json\/wp\/v2\/pages\/1654","targetHints":{"allow":["GET"]}}],"collection":[{"href":"https:\/\/grasse.espace-gold-change.com\/en\/wp-json\/wp\/v2\/pages"}],"about":[{"href":"https:\/\/grasse.espace-gold-change.com\/en\/wp-json\/wp\/v2\/types\/page"}],"author":[{"embeddable":true,"href":"https:\/\/grasse.espace-gold-change.com\/en\/wp-json\/wp\/v2\/users\/1"}],"replies":[{"embeddable":true,"href":"https:\/\/grasse.espace-gold-change.com\/en\/wp-json\/wp\/v2\/comments?post=1654"}],"version-history":[{"count":12,"href":"https:\/\/grasse.espace-gold-change.com\/en\/wp-json\/wp\/v2\/pages\/1654\/revisions"}],"predecessor-version":[{"id":4437,"href":"https:\/\/grasse.espace-gold-change.com\/en\/wp-json\/wp\/v2\/pages\/1654\/revisions\/4437"}],"up":[{"embeddable":true,"href":"https:\/\/grasse.espace-gold-change.com\/en\/wp-json\/wp\/v2\/pages\/1642"}],"wp:featuredmedia":[{"embeddable":true,"href":"https:\/\/grasse.espace-gold-change.com\/en\/wp-json\/wp\/v2\/media\/1903"}],"wp:attachment":[{"href":"https:\/\/grasse.espace-gold-change.com\/en\/wp-json\/wp\/v2\/media?parent=1654"}],"curies":[{"name":"wp","href":"https:\/\/api.w.org\/{rel}","templated":true}]}}