{"id":3,"date":"2024-03-19T15:43:05","date_gmt":"2024-03-19T15:43:05","guid":{"rendered":"http:\/\/grasse.espace-gold-change.com\/?page_id=3"},"modified":"2024-07-04T08:39:17","modified_gmt":"2024-07-04T08:39:17","slug":"privacy-policy","status":"publish","type":"page","link":"https:\/\/grasse.espace-gold-change.com\/en\/politique-de-confidentialite\/","title":{"rendered":"Privacy policy"},"content":{"rendered":"<div data-elementor-type=\"wp-page\" data-elementor-id=\"3\" class=\"elementor elementor-3\" data-elementor-post-type=\"page\">\n\t\t\t\t<div class=\"elementor-element elementor-element-1bdfa38 e-flex e-con-boxed e-con e-parent\" data-id=\"1bdfa38\" data-element_type=\"container\" data-e-type=\"container\">\n\t\t\t\t\t<div class=\"e-con-inner\">\n\t\t\t\t<div class=\"elementor-element elementor-element-60103f9 elementor-widget elementor-widget-text-editor\" data-id=\"60103f9\" data-element_type=\"widget\" data-e-type=\"widget\" data-widget_type=\"text-editor.default\">\n\t\t\t\t<div class=\"elementor-widget-container\">\n\t\t\t\t\t\t\t\t\t<h1>Our personal data protection policy<\/h1><h3>Bank details<\/h3><p>ESPACE GOLD CHANGE does not hold\u00a0<strong>no bank details<\/strong>\u00a0The bank card payment service is provided by Banque Populaire, which secures this data on its own servers.<\/p><h3>Access to my personal data<\/h3><p>In accordance with\u00a0<strong>RGPD<\/strong>\u00a0(General Data Protection Regulation),<br \/>you can at any time access the data you have provided on grasse.espace-gold-change.com (identity and address) in the \"My Account\" area.<\/p><h3>Request for rectification and deletion<\/h3><p>You have the right to modify all the personal information in the \"My Account\" area.<br \/>For any other request you may have concerning the\u00a0<strong>rectification and\/or deletion of your personal data<\/strong>If you have any questions, please contact us using our contact form.<\/p><h2>Website hosting and management<\/h2><p>Host: The site is hosted by Kinsta, located at 8605 Santa Monica Blvd 92581, West Hollywood, California, 90069, United States, (telephone contact: +18886102915).<\/p><p>Published by: Website published by ESPACE GOLD CHANGE<\/p><p>Webmaster: SAS Variant Marketing<\/p><p>Platform: Online shop created using WordPress software.<\/p>\t\t\t\t\t\t\t\t<\/div>\n\t\t\t\t<\/div>\n\t\t\t\t\t<\/div>\n\t\t\t\t<\/div>\n\t\t\t\t<\/div>","protected":false},"excerpt":{"rendered":"<p>Notre politique de protection des donn\u00e9es personnelles Coordonn\u00e9s bancaires ESPACE GOLD CHANGE ne d\u00e9tient\u00a0aucune donn\u00e9es bancaires\u00a0de ses clients, le service de paiement pas carte bancaire est assur\u00e9 par la Banque Populaire qui s\u00e9curise ces donn\u00e9es sur ses propres serveurs. Acc\u00e8s \u00e0 mes donn\u00e9es personnelles Conform\u00e9ment \u00e0 la\u00a0RGPD\u00a0(R\u00e8glement G\u00e9n\u00e9ral sur la Protection des Donn\u00e9es),vous pouvez \u00e0 [&hellip;]<\/p>\n","protected":false},"author":1,"featured_media":0,"parent":0,"menu_order":0,"comment_status":"closed","ping_status":"open","template":"","meta":{"_acf_changed":false,"footnotes":""},"class_list":["post-3","page","type-page","status-publish","hentry"],"acf":[],"_links":{"self":[{"href":"https:\/\/grasse.espace-gold-change.com\/en\/wp-json\/wp\/v2\/pages\/3","targetHints":{"allow":["GET"]}}],"collection":[{"href":"https:\/\/grasse.espace-gold-change.com\/en\/wp-json\/wp\/v2\/pages"}],"about":[{"href":"https:\/\/grasse.espace-gold-change.com\/en\/wp-json\/wp\/v2\/types\/page"}],"author":[{"embeddable":true,"href":"https:\/\/grasse.espace-gold-change.com\/en\/wp-json\/wp\/v2\/users\/1"}],"replies":[{"embeddable":true,"href":"https:\/\/grasse.espace-gold-change.com\/en\/wp-json\/wp\/v2\/comments?post=3"}],"version-history":[{"count":0,"href":"https:\/\/grasse.espace-gold-change.com\/en\/wp-json\/wp\/v2\/pages\/3\/revisions"}],"wp:attachment":[{"href":"https:\/\/grasse.espace-gold-change.com\/en\/wp-json\/wp\/v2\/media?parent=3"}],"curies":[{"name":"wp","href":"https:\/\/api.w.org\/{rel}","templated":true}]}}